{"id":303,"date":"2019-05-16T03:46:47","date_gmt":"2019-05-16T03:46:47","guid":{"rendered":"http:\/\/192.168.1.123\/wordpress-work\/edumy\/?page_id=303"},"modified":"2024-06-17T16:15:27","modified_gmt":"2024-06-17T14:15:27","slug":"contact","status":"publish","type":"page","link":"https:\/\/moyse-agrandissement.fr\/index.php\/contact\/","title":{"rendered":"Contact"},"content":{"rendered":"\t\t<div data-elementor-type=\"wp-post\" data-elementor-id=\"303\" class=\"elementor elementor-303\">\n\t\t\t\t\t\t<section class=\"elementor-section elementor-top-section elementor-element elementor-element-f67917f elementor-section-stretched elementor-section-full_width elementor-section-height-default elementor-section-height-default\" data-id=\"f67917f\" data-element_type=\"section\" data-e-type=\"section\" data-settings=\"{&quot;stretch_section&quot;:&quot;section-stretched&quot;,&quot;background_background&quot;:&quot;classic&quot;}\">\n\t\t\t\t\t\t<div class=\"elementor-container elementor-column-gap-extended\">\n\t\t\t\t\t<div class=\"elementor-column elementor-col-33 elementor-top-column elementor-element elementor-element-7ccb06b\" data-id=\"7ccb06b\" data-element_type=\"column\" data-e-type=\"column\">\n\t\t\t<div class=\"elementor-widget-wrap elementor-element-populated\">\n\t\t\t\t\t\t<div class=\"elementor-element elementor-element-98b0262 elementor-widget elementor-widget-google_maps\" data-id=\"98b0262\" data-element_type=\"widget\" data-e-type=\"widget\" data-widget_type=\"google_maps.default\">\n\t\t\t\t<div class=\"elementor-widget-container\">\n\t\t\t\t\t\t\t<div class=\"elementor-custom-embed\">\n\t\t\t<iframe loading=\"lazy\"\n\t\t\t\t\tsrc=\"https:\/\/maps.google.com\/maps?q=Doubs&#038;t=m&#038;z=10&#038;output=embed&#038;iwloc=near\"\n\t\t\t\t\ttitle=\"Doubs\"\n\t\t\t\t\taria-label=\"Doubs\"\n\t\t\t><\/iframe>\n\t\t<\/div>\n\t\t\t\t\t\t<\/div>\n\t\t\t\t<\/div>\n\t\t\t\t\t<\/div>\n\t\t<\/div>\n\t\t\t\t<div class=\"elementor-column elementor-col-66 elementor-top-column elementor-element elementor-element-cfcc4a2 apus-map-form\" data-id=\"cfcc4a2\" data-element_type=\"column\" data-e-type=\"column\">\n\t\t\t<div class=\"elementor-widget-wrap elementor-element-populated\">\n\t\t\t\t\t\t<div class=\"elementor-element elementor-element-c9edd03 elementor-widget elementor-widget-spacer\" data-id=\"c9edd03\" data-element_type=\"widget\" data-e-type=\"widget\" data-widget_type=\"spacer.default\">\n\t\t\t\t<div class=\"elementor-widget-container\">\n\t\t\t\t\t\t\t<div class=\"elementor-spacer\">\n\t\t\t<div class=\"elementor-spacer-inner\"><\/div>\n\t\t<\/div>\n\t\t\t\t\t\t<\/div>\n\t\t\t\t<\/div>\n\t\t\t\t<div class=\"elementor-element elementor-element-e139684 elementor-widget elementor-widget-heading\" data-id=\"e139684\" data-element_type=\"widget\" data-e-type=\"widget\" data-widget_type=\"heading.default\">\n\t\t\t\t<div class=\"elementor-widget-container\">\n\t\t\t\t\t<h2 class=\"elementor-heading-title elementor-size-default\"><b>Contactez-nous !<\/b><\/h2>\t\t\t\t<\/div>\n\t\t\t\t<\/div>\n\t\t\t\t<div class=\"elementor-element elementor-element-ca8a7a8 elementor-widget elementor-widget-heading\" data-id=\"ca8a7a8\" data-element_type=\"widget\" data-e-type=\"widget\" data-widget_type=\"heading.default\">\n\t\t\t\t<div class=\"elementor-widget-container\">\n\t\t\t\t\t<p class=\"elementor-heading-title elementor-size-default\">Notre \u00e9quipe se fera un plaisir de vous recontacter au plus vite afin d'en savoir plus sur votre projet d'agrandissement, pour pouvoir vous accompagner et vous conseiller au mieux.<\/p>\t\t\t\t<\/div>\n\t\t\t\t<\/div>\n\t\t\t\t<div class=\"elementor-element elementor-element-71a620d elementor-widget elementor-widget-shortcode\" data-id=\"71a620d\" data-element_type=\"widget\" data-e-type=\"widget\" data-widget_type=\"shortcode.default\">\n\t\t\t\t<div class=\"elementor-widget-container\">\n\t\t\t\t\t\t\t<div class=\"elementor-shortcode\"><div class=\"forminator-ui forminator-custom-form forminator-custom-form-10255 forminator-design--material  forminator_ajax\" data-forminator-render=\"0\" data-form=\"forminator-module-10255\" data-uid=\"69fb318dd2fc0\"><br\/><\/div><form\n\t\t\t\tid=\"forminator-module-10255\"\n\t\t\t\tclass=\"forminator-ui forminator-custom-form forminator-custom-form-10255 forminator-design--material  forminator_ajax\"\n\t\t\t\tmethod=\"post\"\n\t\t\t\tdata-forminator-render=\"0\"\n\t\t\t\tdata-form-id=\"10255\"\n\t\t\t\t data-color-option=\"default\" data-design=\"material\" data-grid=\"open\" style=\"display: none;\"\n\t\t\t\tdata-uid=\"69fb318dd2fc0\"\n\t\t\t><div role=\"alert\" aria-live=\"polite\" class=\"forminator-response-message forminator-error\" aria-hidden=\"true\"><\/div><div class=\"forminator-row\"><div id=\"name-1\" class=\"forminator-field-name forminator-col forminator-col-12 \"><div class=\"forminator-field\"><label for=\"forminator-field-name-1_69fb318dd2fc0\" id=\"forminator-field-name-1_69fb318dd2fc0-label\" class=\"forminator-label\">Nom <span class=\"forminator-required\">*<\/span><\/label><input type=\"text\" name=\"name-1\" value=\"\" placeholder=\"\" id=\"forminator-field-name-1_69fb318dd2fc0\" class=\"forminator-input forminator-name--field\" aria-required=\"true\" autocomplete=\"name\" \/><\/div><\/div><\/div><div class=\"forminator-row\"><div id=\"email-1\" class=\"forminator-field-email forminator-col forminator-col-12 \"><div class=\"forminator-field\"><label for=\"forminator-field-email-1_69fb318dd2fc0\" id=\"forminator-field-email-1_69fb318dd2fc0-label\" class=\"forminator-label\">Email <span class=\"forminator-required\">*<\/span><\/label><input type=\"email\" name=\"email-1\" value=\"\" placeholder=\"\" id=\"forminator-field-email-1_69fb318dd2fc0\" class=\"forminator-input forminator-email--field\" data-required=\"true\" aria-required=\"true\" autocomplete=\"email\" \/><\/div><\/div><\/div><div class=\"forminator-row\"><div id=\"phone-1\" class=\"forminator-field-phone forminator-col forminator-col-12 \"><div class=\"forminator-field\"><label for=\"forminator-field-phone-1_69fb318dd2fc0\" id=\"forminator-field-phone-1_69fb318dd2fc0-label\" class=\"forminator-label\">T\u00e9l\u00e9phone <span class=\"forminator-required\">*<\/span><\/label><input type=\"text\" name=\"phone-1\" value=\"\" placeholder=\"\" id=\"forminator-field-phone-1_69fb318dd2fc0\" class=\"forminator-input forminator-field--phone\" data-required=\"1\" aria-required=\"true\" autocomplete=\"off\" \/><\/div><\/div><\/div><div class=\"forminator-row\"><div id=\"textarea-1\" class=\"forminator-field-textarea forminator-col forminator-col-12 \"><div class=\"forminator-field\"><label for=\"forminator-field-textarea-1_69fb318dd2fc0\" id=\"forminator-field-textarea-1_69fb318dd2fc0-label\" class=\"forminator-label\">Message<\/label><textarea name=\"textarea-1\" placeholder=\"Saisissez votre message\u2026\" id=\"forminator-field-textarea-1_69fb318dd2fc0\" class=\"forminator-textarea\" rows=\"6\" style=\"min-height:140px;\" maxlength=\"180\" ><\/textarea><span id=\"forminator-field-textarea-1_69fb318dd2fc0-description\" class=\"forminator-description\"><span data-limit=\"180\" data-type=\"characters\" data-editor=\"\">0 \/ 180<\/span><\/span><\/div><\/div><\/div><div class=\"forminator-row\"><div id=\"consent-1\" class=\"forminator-field-consent forminator-col forminator-col-12 \"><div class=\"forminator-field\"><label for=\"forminator-field-consent-1_69fb318dd2fc0\" id=\"forminator-field-consent-1_69fb318dd2fc0-label\" class=\"forminator-label\">Consent <span class=\"forminator-required\">*<\/span><\/label><div class=\"forminator-checkbox__wrapper\"><label id=\"forminator-field-consent-1_69fb318dd2fc0__label\" class=\"forminator-checkbox forminator-consent\"><input type=\"checkbox\" name=\"consent-1\" id=\"forminator-field-consent-1_69fb318dd2fc0\" value=\"checked\" aria-labelledby=\"forminator-field-consent-1_69fb318dd2fc0-label\" aria-describedby=\"forminator-field-consent-1_69fb318dd2fc0__description\" data-required=\"true\" aria-required=\"true\" \/><span class=\"forminator-checkbox-box\" aria-hidden=\"true\"><\/span><\/label><div id=\"forminator-field-consent-1_69fb318dd2fc0__description\" class=\"forminator-checkbox__label forminator-consent__label\"><p>J'accepte les conditions g\u00e9n\u00e9rales.<\/p><\/div><\/div><\/div><\/div><\/div><input type=\"hidden\" name=\"referer_url\" value=\"\" \/><div class=\"forminator-row forminator-row-last\"><div class=\"forminator-col\"><div class=\"forminator-field\"><button class=\"forminator-button forminator-button-submit\"><span>ENVOYER<\/span><span aria-hidden=\"true\"><\/span><\/button><\/div><\/div><\/div><input type=\"hidden\" id=\"forminator_nonce\" name=\"forminator_nonce\" value=\"75f14dc7c6\" \/><input type=\"hidden\" name=\"_wp_http_referer\" value=\"\/index.php\/wp-json\/wp\/v2\/pages\/303\" \/><input type=\"hidden\" name=\"form_id\" value=\"10255\"><input type=\"hidden\" name=\"page_id\" value=\"303\"><input type=\"hidden\" name=\"form_type\" value=\"default\"><input type=\"hidden\" name=\"current_url\" value=\"https:\/\/moyse-agrandissement.fr\/index.php\/contact\/\"><input type=\"hidden\" name=\"render_id\" value=\"0\"><input type=\"hidden\" name=\"action\" value=\"forminator_submit_form_custom-forms\"><input\n                    class=\"apbct_special_field apbct_email_id__elementor_form\"\n                    name=\"apbct__email_id__elementor_form\"\n                    aria-label=\"apbct__label_id__elementor_form\"\n                    type=\"text\" size=\"30\" maxlength=\"200\" autocomplete=\"off\"\n                    value=\"\"\n                \/><\/form><\/div>\n\t\t\t\t\t\t<\/div>\n\t\t\t\t<\/div>\n\t\t\t\t\t<\/div>\n\t\t<\/div>\n\t\t\t\t\t<\/div>\n\t\t<\/section>\n\t\t\t\t<section class=\"elementor-section elementor-top-section elementor-element elementor-element-36acd29 elementor-section-boxed elementor-section-height-default elementor-section-height-default\" data-id=\"36acd29\" data-element_type=\"section\" data-e-type=\"section\">\n\t\t\t\t\t\t<div class=\"elementor-container elementor-column-gap-default\">\n\t\t\t\t\t<div class=\"elementor-column elementor-col-100 elementor-top-column elementor-element elementor-element-6403c97\" data-id=\"6403c97\" data-element_type=\"column\" data-e-type=\"column\">\n\t\t\t<div class=\"elementor-widget-wrap elementor-element-populated\">\n\t\t\t\t\t\t<div class=\"elementor-element elementor-element-51f0f8a elementor-widget elementor-widget-spacer\" data-id=\"51f0f8a\" data-element_type=\"widget\" data-e-type=\"widget\" data-widget_type=\"spacer.default\">\n\t\t\t\t<div class=\"elementor-widget-container\">\n\t\t\t\t\t\t\t<div class=\"elementor-spacer\">\n\t\t\t<div class=\"elementor-spacer-inner\"><\/div>\n\t\t<\/div>\n\t\t\t\t\t\t<\/div>\n\t\t\t\t<\/div>\n\t\t\t\t<div class=\"elementor-element elementor-element-d8af89f elementor-widget elementor-widget-image\" data-id=\"d8af89f\" data-element_type=\"widget\" data-e-type=\"widget\" data-widget_type=\"image.default\">\n\t\t\t\t<div class=\"elementor-widget-container\">\n\t\t\t\t\t\t\t\t\t\t\t\t\t\t\t<img decoding=\"async\" src=\"https:\/\/moyse-agrandissement.fr\/wp-content\/uploads\/elementor\/thumbs\/logo-groupe-q4d0s6r3ms73n3fgul2m7558n5nhlmjw24zy7oz328.jpg\" title=\"logo groupe\" alt=\"Logo Moyse\" loading=\"lazy\" \/>\t\t\t\t\t\t\t\t\t\t\t\t\t\t\t<\/div>\n\t\t\t\t<\/div>\n\t\t\t\t\t<\/div>\n\t\t<\/div>\n\t\t\t\t\t<\/div>\n\t\t<\/section>\n\t\t\t\t<section class=\"elementor-section elementor-top-section elementor-element elementor-element-cdf3c24 elementor-section-boxed elementor-section-height-default elementor-section-height-default\" data-id=\"cdf3c24\" data-element_type=\"section\" data-e-type=\"section\">\n\t\t\t\t\t\t<div class=\"elementor-container elementor-column-gap-default\">\n\t\t\t\t\t<div class=\"elementor-column elementor-col-33 elementor-top-column elementor-element elementor-element-0648d47\" data-id=\"0648d47\" data-element_type=\"column\" data-e-type=\"column\">\n\t\t\t<div class=\"elementor-widget-wrap elementor-element-populated\">\n\t\t\t\t\t\t<div class=\"elementor-element elementor-element-0205f91 elementor-widget elementor-widget-text-editor\" data-id=\"0205f91\" data-element_type=\"widget\" data-e-type=\"widget\" data-widget_type=\"text-editor.default\">\n\t\t\t\t<div class=\"elementor-widget-container\">\n\t\t\t\t\t\t\t\t\t<p style=\"text-align: center;\"><span style=\"color: #1b3b6a;\"><strong>Agrandir sa maison dans le Doubs (25)<\/strong><\/span><\/p><p style=\"text-align: center;\">59 chemin des Planches<br \/>25000 Besan\u00e7on<br \/>03.81.60.77.00<\/p>\t\t\t\t\t\t\t\t<\/div>\n\t\t\t\t<\/div>\n\t\t\t\t\t<\/div>\n\t\t<\/div>\n\t\t\t\t<div class=\"elementor-column elementor-col-33 elementor-top-column elementor-element elementor-element-93f364b\" data-id=\"93f364b\" data-element_type=\"column\" data-e-type=\"column\">\n\t\t\t<div class=\"elementor-widget-wrap elementor-element-populated\">\n\t\t\t\t\t\t<div class=\"elementor-element elementor-element-d46e0ce elementor-widget elementor-widget-text-editor\" data-id=\"d46e0ce\" data-element_type=\"widget\" data-e-type=\"widget\" data-widget_type=\"text-editor.default\">\n\t\t\t\t<div class=\"elementor-widget-container\">\n\t\t\t\t\t\t\t\t\t<p style=\"text-align: center;\"><span style=\"color: #1b3b6a;\"><strong>Agrandir sa maison dans le Jura (39)<\/strong><\/span><\/p><p style=\"text-align: center;\">Rue de la Croix qui Vir\u00e9, ZAC des Paradis<br \/>39100 Choisey<br \/>03.84.71.39.49<\/p>\t\t\t\t\t\t\t\t<\/div>\n\t\t\t\t<\/div>\n\t\t\t\t\t<\/div>\n\t\t<\/div>\n\t\t\t\t<div class=\"elementor-column elementor-col-33 elementor-top-column elementor-element elementor-element-e87a5ef\" data-id=\"e87a5ef\" data-element_type=\"column\" data-e-type=\"column\">\n\t\t\t<div class=\"elementor-widget-wrap elementor-element-populated\">\n\t\t\t\t\t\t<div class=\"elementor-element elementor-element-074c11f elementor-widget elementor-widget-text-editor\" data-id=\"074c11f\" data-element_type=\"widget\" data-e-type=\"widget\" data-widget_type=\"text-editor.default\">\n\t\t\t\t<div class=\"elementor-widget-container\">\n\t\t\t\t\t\t\t\t\t<p style=\"text-align: center;\"><span style=\"color: #1b3b6a;\"><strong>Agrandir sa maison en C\u00f4te d&rsquo;Or (21)<\/strong><\/span><\/p><p style=\"text-align: center;\">2 rue des Terres Franches<br \/>21160 Marsannay-la-C\u00f4te<br \/>03.80.52.89.45<\/p>\t\t\t\t\t\t\t\t<\/div>\n\t\t\t\t<\/div>\n\t\t\t\t\t<\/div>\n\t\t<\/div>\n\t\t\t\t\t<\/div>\n\t\t<\/section>\n\t\t\t\t<\/div>\n\t\t","protected":false},"excerpt":{"rendered":"<p>Contactez-nous ! Notre \u00e9quipe se fera un plaisir de vous recontacter au plus vite afin d&rsquo;en savoir plus sur votre projet d&rsquo;agrandissement, pour pouvoir vous accompagner et vous conseiller au mieux. Agrandir sa maison dans le Doubs (25) 59 chemin des Planches25000 Besan\u00e7on03.81.60.77.00 Agrandir sa maison dans le Jura (39) Rue de la Croix qui &hellip; <br \/><a href=\"https:\/\/moyse-agrandissement.fr\/index.php\/contact\/\" class=\"more-link\">Continue reading <span class=\"screen-reader-text\">Contact<\/span><\/a><\/p>\n","protected":false},"author":1,"featured_media":0,"parent":0,"menu_order":0,"comment_status":"closed","ping_status":"closed","template":"","meta":{"footnotes":""},"class_list":["post-303","page","type-page","status-publish","hentry"],"yoast_head":"<!-- This site is optimized with the Yoast SEO plugin v27.5 - https:\/\/yoast.com\/product\/yoast-seo-wordpress\/ -->\n<title>Agrandissement et extension de maisons en Bourgogne Franche-Comt\u00e9<\/title>\n<meta name=\"description\" content=\"Contactez notre \u00e9quipe pour votre projet d&#039;agrandissement ou d&#039;extension de maison en Bourgogne Franche-Comt\u00e9.\" \/>\n<meta name=\"robots\" content=\"index, follow, max-snippet:-1, max-image-preview:large, max-video-preview:-1\" \/>\n<link rel=\"canonical\" href=\"https:\/\/moyse-agrandissement.fr\/index.php\/contact\/\" \/>\n<meta property=\"og:locale\" content=\"fr_FR\" \/>\n<meta property=\"og:type\" content=\"article\" \/>\n<meta property=\"og:title\" content=\"Agrandissement et extension de maisons en Bourgogne Franche-Comt\u00e9\" \/>\n<meta property=\"og:description\" content=\"Contactez notre \u00e9quipe pour votre projet d&#039;agrandissement ou d&#039;extension de maison en Bourgogne Franche-Comt\u00e9.\" \/>\n<meta property=\"og:url\" content=\"https:\/\/moyse-agrandissement.fr\/index.php\/contact\/\" \/>\n<meta property=\"og:site_name\" content=\"Agrandissement et extension de maisons en Bourgogne Franche-Comt\u00e9 \/ Moyse Agrandissement\" \/>\n<meta property=\"article:modified_time\" content=\"2024-06-17T14:15:27+00:00\" \/>\n<meta property=\"og:image\" content=\"https:\/\/moyse-agrandissement.fr\/wp-content\/uploads\/elementor\/thumbs\/logo-groupe-q4d0s6r3ms73n3fgul2m7558n5nhlmjw24zy7oz328.jpg\" \/>\n<meta name=\"twitter:card\" content=\"summary_large_image\" \/>\n<meta name=\"twitter:label1\" content=\"Dur\u00e9e de lecture estim\u00e9e\" \/>\n\t<meta name=\"twitter:data1\" content=\"1 minute\" \/>\n<script type=\"application\/ld+json\" class=\"yoast-schema-graph\">{\"@context\":\"https:\\\/\\\/schema.org\",\"@graph\":[{\"@type\":\"WebPage\",\"@id\":\"https:\\\/\\\/moyse-agrandissement.fr\\\/index.php\\\/contact\\\/\",\"url\":\"https:\\\/\\\/moyse-agrandissement.fr\\\/index.php\\\/contact\\\/\",\"name\":\"Agrandissement et extension de maisons en Bourgogne Franche-Comt\u00e9\",\"isPartOf\":{\"@id\":\"https:\\\/\\\/moyse-agrandissement.fr\\\/#website\"},\"primaryImageOfPage\":{\"@id\":\"https:\\\/\\\/moyse-agrandissement.fr\\\/index.php\\\/contact\\\/#primaryimage\"},\"image\":{\"@id\":\"https:\\\/\\\/moyse-agrandissement.fr\\\/index.php\\\/contact\\\/#primaryimage\"},\"thumbnailUrl\":\"https:\\\/\\\/moyse-agrandissement.fr\\\/wp-content\\\/uploads\\\/elementor\\\/thumbs\\\/logo-groupe-q4d0s6r3ms73n3fgul2m7558n5nhlmjw24zy7oz328.jpg\",\"datePublished\":\"2019-05-16T03:46:47+00:00\",\"dateModified\":\"2024-06-17T14:15:27+00:00\",\"description\":\"Contactez notre \u00e9quipe pour votre projet d'agrandissement ou d'extension de maison en Bourgogne Franche-Comt\u00e9.\",\"breadcrumb\":{\"@id\":\"https:\\\/\\\/moyse-agrandissement.fr\\\/index.php\\\/contact\\\/#breadcrumb\"},\"inLanguage\":\"fr-FR\",\"potentialAction\":[{\"@type\":\"ReadAction\",\"target\":[\"https:\\\/\\\/moyse-agrandissement.fr\\\/index.php\\\/contact\\\/\"]}]},{\"@type\":\"ImageObject\",\"inLanguage\":\"fr-FR\",\"@id\":\"https:\\\/\\\/moyse-agrandissement.fr\\\/index.php\\\/contact\\\/#primaryimage\",\"url\":\"https:\\\/\\\/moyse-agrandissement.fr\\\/wp-content\\\/uploads\\\/elementor\\\/thumbs\\\/logo-groupe-q4d0s6r3ms73n3fgul2m7558n5nhlmjw24zy7oz328.jpg\",\"contentUrl\":\"https:\\\/\\\/moyse-agrandissement.fr\\\/wp-content\\\/uploads\\\/elementor\\\/thumbs\\\/logo-groupe-q4d0s6r3ms73n3fgul2m7558n5nhlmjw24zy7oz328.jpg\"},{\"@type\":\"BreadcrumbList\",\"@id\":\"https:\\\/\\\/moyse-agrandissement.fr\\\/index.php\\\/contact\\\/#breadcrumb\",\"itemListElement\":[{\"@type\":\"ListItem\",\"position\":1,\"name\":\"Accueil\",\"item\":\"https:\\\/\\\/moyse-agrandissement.fr\\\/\"},{\"@type\":\"ListItem\",\"position\":2,\"name\":\"Contact\"}]},{\"@type\":\"WebSite\",\"@id\":\"https:\\\/\\\/moyse-agrandissement.fr\\\/#website\",\"url\":\"https:\\\/\\\/moyse-agrandissement.fr\\\/\",\"name\":\"Agrandissements et extensions de maisons en Bourgogne Franche-Comt\u00e9\",\"description\":\"Extension, agrandissement de maisons en Bourgogne Franche-Comt\u00e9\",\"publisher\":{\"@id\":\"https:\\\/\\\/moyse-agrandissement.fr\\\/#organization\"},\"alternateName\":\"Expert de l'agrandissement et de l'extension en Bourgogne Franche-Comt\u00e9\",\"potentialAction\":[{\"@type\":\"SearchAction\",\"target\":{\"@type\":\"EntryPoint\",\"urlTemplate\":\"https:\\\/\\\/moyse-agrandissement.fr\\\/?s={search_term_string}\"},\"query-input\":{\"@type\":\"PropertyValueSpecification\",\"valueRequired\":true,\"valueName\":\"search_term_string\"}}],\"inLanguage\":\"fr-FR\"},{\"@type\":\"Organization\",\"@id\":\"https:\\\/\\\/moyse-agrandissement.fr\\\/#organization\",\"name\":\"Moyse Agrandissement\",\"url\":\"https:\\\/\\\/moyse-agrandissement.fr\\\/\",\"logo\":{\"@type\":\"ImageObject\",\"inLanguage\":\"fr-FR\",\"@id\":\"https:\\\/\\\/moyse-agrandissement.fr\\\/#\\\/schema\\\/logo\\\/image\\\/\",\"url\":\"https:\\\/\\\/moyse-agrandissement.fr\\\/wp-content\\\/uploads\\\/2019\\\/12\\\/favicon-moyse.png\",\"contentUrl\":\"https:\\\/\\\/moyse-agrandissement.fr\\\/wp-content\\\/uploads\\\/2019\\\/12\\\/favicon-moyse.png\",\"width\":512,\"height\":512,\"caption\":\"Moyse Agrandissement\"},\"image\":{\"@id\":\"https:\\\/\\\/moyse-agrandissement.fr\\\/#\\\/schema\\\/logo\\\/image\\\/\"}}]}<\/script>\n<!-- \/ Yoast SEO plugin. -->","yoast_head_json":{"title":"Agrandissement et extension de maisons en Bourgogne Franche-Comt\u00e9","description":"Contactez notre \u00e9quipe pour votre projet d'agrandissement ou d'extension de maison en Bourgogne Franche-Comt\u00e9.","robots":{"index":"index","follow":"follow","max-snippet":"max-snippet:-1","max-image-preview":"max-image-preview:large","max-video-preview":"max-video-preview:-1"},"canonical":"https:\/\/moyse-agrandissement.fr\/index.php\/contact\/","og_locale":"fr_FR","og_type":"article","og_title":"Agrandissement et extension de maisons en Bourgogne Franche-Comt\u00e9","og_description":"Contactez notre \u00e9quipe pour votre projet d'agrandissement ou d'extension de maison en Bourgogne Franche-Comt\u00e9.","og_url":"https:\/\/moyse-agrandissement.fr\/index.php\/contact\/","og_site_name":"Agrandissement et extension de maisons en Bourgogne Franche-Comt\u00e9 \/ Moyse Agrandissement","article_modified_time":"2024-06-17T14:15:27+00:00","og_image":[{"url":"https:\/\/moyse-agrandissement.fr\/wp-content\/uploads\/elementor\/thumbs\/logo-groupe-q4d0s6r3ms73n3fgul2m7558n5nhlmjw24zy7oz328.jpg","type":"","width":"","height":""}],"twitter_card":"summary_large_image","twitter_misc":{"Dur\u00e9e de lecture estim\u00e9e":"1 minute"},"schema":{"@context":"https:\/\/schema.org","@graph":[{"@type":"WebPage","@id":"https:\/\/moyse-agrandissement.fr\/index.php\/contact\/","url":"https:\/\/moyse-agrandissement.fr\/index.php\/contact\/","name":"Agrandissement et extension de maisons en Bourgogne Franche-Comt\u00e9","isPartOf":{"@id":"https:\/\/moyse-agrandissement.fr\/#website"},"primaryImageOfPage":{"@id":"https:\/\/moyse-agrandissement.fr\/index.php\/contact\/#primaryimage"},"image":{"@id":"https:\/\/moyse-agrandissement.fr\/index.php\/contact\/#primaryimage"},"thumbnailUrl":"https:\/\/moyse-agrandissement.fr\/wp-content\/uploads\/elementor\/thumbs\/logo-groupe-q4d0s6r3ms73n3fgul2m7558n5nhlmjw24zy7oz328.jpg","datePublished":"2019-05-16T03:46:47+00:00","dateModified":"2024-06-17T14:15:27+00:00","description":"Contactez notre \u00e9quipe pour votre projet d'agrandissement ou d'extension de maison en Bourgogne Franche-Comt\u00e9.","breadcrumb":{"@id":"https:\/\/moyse-agrandissement.fr\/index.php\/contact\/#breadcrumb"},"inLanguage":"fr-FR","potentialAction":[{"@type":"ReadAction","target":["https:\/\/moyse-agrandissement.fr\/index.php\/contact\/"]}]},{"@type":"ImageObject","inLanguage":"fr-FR","@id":"https:\/\/moyse-agrandissement.fr\/index.php\/contact\/#primaryimage","url":"https:\/\/moyse-agrandissement.fr\/wp-content\/uploads\/elementor\/thumbs\/logo-groupe-q4d0s6r3ms73n3fgul2m7558n5nhlmjw24zy7oz328.jpg","contentUrl":"https:\/\/moyse-agrandissement.fr\/wp-content\/uploads\/elementor\/thumbs\/logo-groupe-q4d0s6r3ms73n3fgul2m7558n5nhlmjw24zy7oz328.jpg"},{"@type":"BreadcrumbList","@id":"https:\/\/moyse-agrandissement.fr\/index.php\/contact\/#breadcrumb","itemListElement":[{"@type":"ListItem","position":1,"name":"Accueil","item":"https:\/\/moyse-agrandissement.fr\/"},{"@type":"ListItem","position":2,"name":"Contact"}]},{"@type":"WebSite","@id":"https:\/\/moyse-agrandissement.fr\/#website","url":"https:\/\/moyse-agrandissement.fr\/","name":"Agrandissements et extensions de maisons en Bourgogne Franche-Comt\u00e9","description":"Extension, agrandissement de maisons en Bourgogne Franche-Comt\u00e9","publisher":{"@id":"https:\/\/moyse-agrandissement.fr\/#organization"},"alternateName":"Expert de l'agrandissement et de l'extension en Bourgogne Franche-Comt\u00e9","potentialAction":[{"@type":"SearchAction","target":{"@type":"EntryPoint","urlTemplate":"https:\/\/moyse-agrandissement.fr\/?s={search_term_string}"},"query-input":{"@type":"PropertyValueSpecification","valueRequired":true,"valueName":"search_term_string"}}],"inLanguage":"fr-FR"},{"@type":"Organization","@id":"https:\/\/moyse-agrandissement.fr\/#organization","name":"Moyse Agrandissement","url":"https:\/\/moyse-agrandissement.fr\/","logo":{"@type":"ImageObject","inLanguage":"fr-FR","@id":"https:\/\/moyse-agrandissement.fr\/#\/schema\/logo\/image\/","url":"https:\/\/moyse-agrandissement.fr\/wp-content\/uploads\/2019\/12\/favicon-moyse.png","contentUrl":"https:\/\/moyse-agrandissement.fr\/wp-content\/uploads\/2019\/12\/favicon-moyse.png","width":512,"height":512,"caption":"Moyse Agrandissement"},"image":{"@id":"https:\/\/moyse-agrandissement.fr\/#\/schema\/logo\/image\/"}}]}},"_links":{"self":[{"href":"https:\/\/moyse-agrandissement.fr\/index.php\/wp-json\/wp\/v2\/pages\/303","targetHints":{"allow":["GET"]}}],"collection":[{"href":"https:\/\/moyse-agrandissement.fr\/index.php\/wp-json\/wp\/v2\/pages"}],"about":[{"href":"https:\/\/moyse-agrandissement.fr\/index.php\/wp-json\/wp\/v2\/types\/page"}],"author":[{"embeddable":true,"href":"https:\/\/moyse-agrandissement.fr\/index.php\/wp-json\/wp\/v2\/users\/1"}],"replies":[{"embeddable":true,"href":"https:\/\/moyse-agrandissement.fr\/index.php\/wp-json\/wp\/v2\/comments?post=303"}],"version-history":[{"count":46,"href":"https:\/\/moyse-agrandissement.fr\/index.php\/wp-json\/wp\/v2\/pages\/303\/revisions"}],"predecessor-version":[{"id":10261,"href":"https:\/\/moyse-agrandissement.fr\/index.php\/wp-json\/wp\/v2\/pages\/303\/revisions\/10261"}],"wp:attachment":[{"href":"https:\/\/moyse-agrandissement.fr\/index.php\/wp-json\/wp\/v2\/media?parent=303"}],"curies":[{"name":"wp","href":"https:\/\/api.w.org\/{rel}","templated":true}]}}