{"id":6303,"date":"2019-09-20T07:11:25","date_gmt":"2019-09-20T07:11:25","guid":{"rendered":"https:\/\/demoapus.com\/abolire\/?page_id=6303"},"modified":"2020-02-11T17:20:36","modified_gmt":"2020-02-11T16:20:36","slug":"faq","status":"publish","type":"page","link":"https:\/\/moyse-agrandissement.fr\/index.php\/faq\/","title":{"rendered":"Questions \/ R\u00e9ponses"},"content":{"rendered":"\t\t<div data-elementor-type=\"wp-page\" data-elementor-id=\"6303\" class=\"elementor elementor-6303\">\n\t\t\t\t\t\t<section class=\"elementor-section elementor-top-section elementor-element elementor-element-6bab442 elementor-section-stretched elementor-section-boxed elementor-section-height-default elementor-section-height-default\" data-id=\"6bab442\" data-element_type=\"section\" data-e-type=\"section\" data-settings=\"{&quot;stretch_section&quot;:&quot;section-stretched&quot;}\">\n\t\t\t\t\t\t<div class=\"elementor-container elementor-column-gap-extended\">\n\t\t\t\t\t<div class=\"elementor-column elementor-col-100 elementor-top-column elementor-element elementor-element-9d7f0f2 apus-faq-auto\" data-id=\"9d7f0f2\" data-element_type=\"column\" data-e-type=\"column\">\n\t\t\t<div class=\"elementor-widget-wrap elementor-element-populated\">\n\t\t\t\t\t\t<div class=\"elementor-element elementor-element-82bb071 elementor-widget elementor-widget-spacer\" data-id=\"82bb071\" data-element_type=\"widget\" data-e-type=\"widget\" data-widget_type=\"spacer.default\">\n\t\t\t\t<div class=\"elementor-widget-container\">\n\t\t\t\t\t\t\t<div class=\"elementor-spacer\">\n\t\t\t<div class=\"elementor-spacer-inner\"><\/div>\n\t\t<\/div>\n\t\t\t\t\t\t<\/div>\n\t\t\t\t<\/div>\n\t\t\t\t<div class=\"elementor-element elementor-element-997b2d9 elementor-widget elementor-widget-heading\" data-id=\"997b2d9\" data-element_type=\"widget\" data-e-type=\"widget\" data-widget_type=\"heading.default\">\n\t\t\t\t<div class=\"elementor-widget-container\">\n\t\t\t\t\t<h2 class=\"elementor-heading-title elementor-size-default\">Questions fr\u00e9quemment pos\u00e9es<\/h2>\t\t\t\t<\/div>\n\t\t\t\t<\/div>\n\t\t\t\t<div class=\"elementor-element elementor-element-4e563e8 elementor-widget elementor-widget-accordion\" data-id=\"4e563e8\" data-element_type=\"widget\" data-e-type=\"widget\" data-widget_type=\"accordion.default\">\n\t\t\t\t<div class=\"elementor-widget-container\">\n\t\t\t\t\t\t\t<div class=\"elementor-accordion\">\n\t\t\t\t\t\t\t<div class=\"elementor-accordion-item\">\n\t\t\t\t\t<div id=\"elementor-tab-title-8211\" class=\"elementor-tab-title\" data-tab=\"1\" role=\"button\" aria-controls=\"elementor-tab-content-8211\" aria-expanded=\"false\">\n\t\t\t\t\t\t\t\t\t\t\t\t\t<span class=\"elementor-accordion-icon elementor-accordion-icon-left\" aria-hidden=\"true\">\n\t\t\t\t\t\t\t\t\t\t\t\t\t\t\t<span class=\"elementor-accordion-icon-closed\"><svg xmlns=\"http:\/\/www.w3.org\/2000\/svg\" xmlns:xlink=\"http:\/\/www.w3.org\/1999\/xlink\" id=\"Capa_1\" x=\"0px\" y=\"0px\" viewBox=\"0 0 512 512\" style=\"enable-background:new 0 0 512 512;\" xml:space=\"preserve\"><g>\t<g>\t\t<path d=\"M492,236H276V20c0-11.046-8.954-20-20-20c-11.046,0-20,8.954-20,20v216H20c-11.046,0-20,8.954-20,20s8.954,20,20,20h216    v216c0,11.046,8.954,20,20,20s20-8.954,20-20V276h216c11.046,0,20-8.954,20-20C512,244.954,503.046,236,492,236z\"><\/path>\t<\/g><\/g><g><\/g><g><\/g><g><\/g><g><\/g><g><\/g><g><\/g><g><\/g><g><\/g><g><\/g><g><\/g><g><\/g><g><\/g><g><\/g><g><\/g><g><\/g><\/svg><\/span>\n\t\t\t\t\t\t\t\t<span class=\"elementor-accordion-icon-opened\"><svg xmlns=\"http:\/\/www.w3.org\/2000\/svg\" xmlns:xlink=\"http:\/\/www.w3.org\/1999\/xlink\" id=\"Capa_1\" x=\"0px\" y=\"0px\" viewBox=\"0 0 31.427 31.427\" style=\"enable-background:new 0 0 31.427 31.427;\" xml:space=\"preserve\"><path style=\"fill:#1E201D;\" d=\"M1.111,16.832C0.492,16.832,0,16.325,0,15.706c0-0.619,0.492-1.111,1.111-1.111H30.3  c0.619,0,1.127,0.492,1.127,1.111c0,0.619-0.508,1.127-1.127,1.127H1.111z\"><\/path><g><\/g><g><\/g><g><\/g><g><\/g><g><\/g><g><\/g><g><\/g><g><\/g><g><\/g><g><\/g><g><\/g><g><\/g><g><\/g><g><\/g><g><\/g><\/svg><\/span>\n\t\t\t\t\t\t\t\t\t\t\t\t\t\t<\/span>\n\t\t\t\t\t\t\t\t\t\t\t\t<a class=\"elementor-accordion-title\" tabindex=\"0\">Quelles sont les garanties contractuelles ?<\/a>\n\t\t\t\t\t<\/div>\n\t\t\t\t\t<div id=\"elementor-tab-content-8211\" class=\"elementor-tab-content elementor-clearfix\" data-tab=\"1\" role=\"region\" aria-labelledby=\"elementor-tab-title-8211\"><p style=\"text-align: justify;\">Moyse Agrandissement vous permet d&rsquo;envisager votre projet d&rsquo;agrandissement en toute s\u00e9r\u00e9nit\u00e9, gr\u00e2ce aux nombreuses garanties contractuelles. Durant toute la dur\u00e9e du projet, mais aussi apr\u00e8s la fin des travaux, vous \u00eates prot\u00e9g\u00e9 avec les garanties ci-dessous :<\/p><ul><li style=\"text-align: justify;\">La <strong>garantie d\u00e9cennale<\/strong> qui couvre les dommages de construction ou les vices sur l&rsquo;extension, elle est valable 10 ans \u00e0 compter de la livraison.<\/li><li style=\"text-align: justify;\">Une <strong>garantie<\/strong><strong> biennale, <\/strong>\u00e9galement nomm\u00e9e de bon fonctionnement, qui pendant 2 ans couvre les \u00e9quipements dissociables de l\u2019ouvrage.<\/li><\/ul><\/div>\n\t\t\t\t<\/div>\n\t\t\t\t\t\t\t<div class=\"elementor-accordion-item\">\n\t\t\t\t\t<div id=\"elementor-tab-title-8212\" class=\"elementor-tab-title\" data-tab=\"2\" role=\"button\" aria-controls=\"elementor-tab-content-8212\" aria-expanded=\"false\">\n\t\t\t\t\t\t\t\t\t\t\t\t\t<span class=\"elementor-accordion-icon elementor-accordion-icon-left\" aria-hidden=\"true\">\n\t\t\t\t\t\t\t\t\t\t\t\t\t\t\t<span class=\"elementor-accordion-icon-closed\"><svg xmlns=\"http:\/\/www.w3.org\/2000\/svg\" xmlns:xlink=\"http:\/\/www.w3.org\/1999\/xlink\" id=\"Capa_1\" x=\"0px\" y=\"0px\" viewBox=\"0 0 512 512\" style=\"enable-background:new 0 0 512 512;\" xml:space=\"preserve\"><g>\t<g>\t\t<path d=\"M492,236H276V20c0-11.046-8.954-20-20-20c-11.046,0-20,8.954-20,20v216H20c-11.046,0-20,8.954-20,20s8.954,20,20,20h216    v216c0,11.046,8.954,20,20,20s20-8.954,20-20V276h216c11.046,0,20-8.954,20-20C512,244.954,503.046,236,492,236z\"><\/path>\t<\/g><\/g><g><\/g><g><\/g><g><\/g><g><\/g><g><\/g><g><\/g><g><\/g><g><\/g><g><\/g><g><\/g><g><\/g><g><\/g><g><\/g><g><\/g><g><\/g><\/svg><\/span>\n\t\t\t\t\t\t\t\t<span class=\"elementor-accordion-icon-opened\"><svg xmlns=\"http:\/\/www.w3.org\/2000\/svg\" xmlns:xlink=\"http:\/\/www.w3.org\/1999\/xlink\" id=\"Capa_1\" x=\"0px\" y=\"0px\" viewBox=\"0 0 31.427 31.427\" style=\"enable-background:new 0 0 31.427 31.427;\" xml:space=\"preserve\"><path style=\"fill:#1E201D;\" d=\"M1.111,16.832C0.492,16.832,0,16.325,0,15.706c0-0.619,0.492-1.111,1.111-1.111H30.3  c0.619,0,1.127,0.492,1.127,1.111c0,0.619-0.508,1.127-1.127,1.127H1.111z\"><\/path><g><\/g><g><\/g><g><\/g><g><\/g><g><\/g><g><\/g><g><\/g><g><\/g><g><\/g><g><\/g><g><\/g><g><\/g><g><\/g><g><\/g><g><\/g><\/svg><\/span>\n\t\t\t\t\t\t\t\t\t\t\t\t\t\t<\/span>\n\t\t\t\t\t\t\t\t\t\t\t\t<a class=\"elementor-accordion-title\" tabindex=\"0\">Comment se d\u00e9roule mon projet d'agrandissement ?<\/a>\n\t\t\t\t\t<\/div>\n\t\t\t\t\t<div id=\"elementor-tab-content-8212\" class=\"elementor-tab-content elementor-clearfix\" data-tab=\"2\" role=\"region\" aria-labelledby=\"elementor-tab-title-8212\"><p style=\"text-align: justify;\">Votre projet d&rsquo;agrandissement est entre de bonnes mains avec Moyse Agrandissement. Nous vous accompagnons d\u00e8s le d\u00e9but en vous rencontrant pour chiffrer votre projet. Ensuite, notre \u00e9quipe prend en charge la partie administrative n\u00e9cessaire au d\u00e9but des travaux.\u00a0<\/p><p style=\"text-align: justify;\">Apr\u00e8s vous avoir conseill\u00e9 sur votre projet et dessin\u00e9 des plans sur-mesure avec notre bureau d&rsquo;\u00e9tudes, Moyse Agrandissement vous accompagne durant la phase du chantier en vous informant r\u00e9guli\u00e8rement des diff\u00e9rentes \u00e9tapes et en vous communiquant l&rsquo;avanc\u00e9 des travaux. Un seul interlocuteur vous informera de l&rsquo;avanc\u00e9e des travaux et r\u00e9pondra \u00e0 toutes vos questions.<\/p><p style=\"text-align: justify;\">Apr\u00e8s la livraison du projet, nous restons \u00e0 votre \u00e9coute et \u00e0 votre disposition.<\/p><\/div>\n\t\t\t\t<\/div>\n\t\t\t\t\t\t\t<div class=\"elementor-accordion-item\">\n\t\t\t\t\t<div id=\"elementor-tab-title-8213\" class=\"elementor-tab-title\" data-tab=\"3\" role=\"button\" aria-controls=\"elementor-tab-content-8213\" aria-expanded=\"false\">\n\t\t\t\t\t\t\t\t\t\t\t\t\t<span class=\"elementor-accordion-icon elementor-accordion-icon-left\" aria-hidden=\"true\">\n\t\t\t\t\t\t\t\t\t\t\t\t\t\t\t<span class=\"elementor-accordion-icon-closed\"><svg xmlns=\"http:\/\/www.w3.org\/2000\/svg\" xmlns:xlink=\"http:\/\/www.w3.org\/1999\/xlink\" id=\"Capa_1\" x=\"0px\" y=\"0px\" viewBox=\"0 0 512 512\" style=\"enable-background:new 0 0 512 512;\" xml:space=\"preserve\"><g>\t<g>\t\t<path d=\"M492,236H276V20c0-11.046-8.954-20-20-20c-11.046,0-20,8.954-20,20v216H20c-11.046,0-20,8.954-20,20s8.954,20,20,20h216    v216c0,11.046,8.954,20,20,20s20-8.954,20-20V276h216c11.046,0,20-8.954,20-20C512,244.954,503.046,236,492,236z\"><\/path>\t<\/g><\/g><g><\/g><g><\/g><g><\/g><g><\/g><g><\/g><g><\/g><g><\/g><g><\/g><g><\/g><g><\/g><g><\/g><g><\/g><g><\/g><g><\/g><g><\/g><\/svg><\/span>\n\t\t\t\t\t\t\t\t<span class=\"elementor-accordion-icon-opened\"><svg xmlns=\"http:\/\/www.w3.org\/2000\/svg\" xmlns:xlink=\"http:\/\/www.w3.org\/1999\/xlink\" id=\"Capa_1\" x=\"0px\" y=\"0px\" viewBox=\"0 0 31.427 31.427\" style=\"enable-background:new 0 0 31.427 31.427;\" xml:space=\"preserve\"><path style=\"fill:#1E201D;\" d=\"M1.111,16.832C0.492,16.832,0,16.325,0,15.706c0-0.619,0.492-1.111,1.111-1.111H30.3  c0.619,0,1.127,0.492,1.127,1.111c0,0.619-0.508,1.127-1.127,1.127H1.111z\"><\/path><g><\/g><g><\/g><g><\/g><g><\/g><g><\/g><g><\/g><g><\/g><g><\/g><g><\/g><g><\/g><g><\/g><g><\/g><g><\/g><g><\/g><g><\/g><\/svg><\/span>\n\t\t\t\t\t\t\t\t\t\t\t\t\t\t<\/span>\n\t\t\t\t\t\t\t\t\t\t\t\t<a class=\"elementor-accordion-title\" tabindex=\"0\">Est-ce qu'il est possible que mon budget \u00e9volue en cours de travaux ?<\/a>\n\t\t\t\t\t<\/div>\n\t\t\t\t\t<div id=\"elementor-tab-content-8213\" class=\"elementor-tab-content elementor-clearfix\" data-tab=\"3\" role=\"region\" aria-labelledby=\"elementor-tab-title-8213\"><p style=\"text-align: justify;\">Il n&rsquo;est pas possible que le budget allou\u00e9 \u00e0 votre projet d&rsquo;agrandissement soit d\u00e9pass\u00e9 en cours de travaux car le prix est ferme et d\u00e9finitif. Le budget des travaux est d\u00e9fini \u00e0 la signature du contrat et ne peut donc pas \u00e9voluer, quoi qu&rsquo;il advienne, c&rsquo;est une garantie contractuelle.<\/p><\/div>\n\t\t\t\t<\/div>\n\t\t\t\t\t\t\t<div class=\"elementor-accordion-item\">\n\t\t\t\t\t<div id=\"elementor-tab-title-8214\" class=\"elementor-tab-title\" data-tab=\"4\" role=\"button\" aria-controls=\"elementor-tab-content-8214\" aria-expanded=\"false\">\n\t\t\t\t\t\t\t\t\t\t\t\t\t<span class=\"elementor-accordion-icon elementor-accordion-icon-left\" aria-hidden=\"true\">\n\t\t\t\t\t\t\t\t\t\t\t\t\t\t\t<span class=\"elementor-accordion-icon-closed\"><svg xmlns=\"http:\/\/www.w3.org\/2000\/svg\" xmlns:xlink=\"http:\/\/www.w3.org\/1999\/xlink\" id=\"Capa_1\" x=\"0px\" y=\"0px\" viewBox=\"0 0 512 512\" style=\"enable-background:new 0 0 512 512;\" xml:space=\"preserve\"><g>\t<g>\t\t<path d=\"M492,236H276V20c0-11.046-8.954-20-20-20c-11.046,0-20,8.954-20,20v216H20c-11.046,0-20,8.954-20,20s8.954,20,20,20h216    v216c0,11.046,8.954,20,20,20s20-8.954,20-20V276h216c11.046,0,20-8.954,20-20C512,244.954,503.046,236,492,236z\"><\/path>\t<\/g><\/g><g><\/g><g><\/g><g><\/g><g><\/g><g><\/g><g><\/g><g><\/g><g><\/g><g><\/g><g><\/g><g><\/g><g><\/g><g><\/g><g><\/g><g><\/g><\/svg><\/span>\n\t\t\t\t\t\t\t\t<span class=\"elementor-accordion-icon-opened\"><svg xmlns=\"http:\/\/www.w3.org\/2000\/svg\" xmlns:xlink=\"http:\/\/www.w3.org\/1999\/xlink\" id=\"Capa_1\" x=\"0px\" y=\"0px\" viewBox=\"0 0 31.427 31.427\" style=\"enable-background:new 0 0 31.427 31.427;\" xml:space=\"preserve\"><path style=\"fill:#1E201D;\" d=\"M1.111,16.832C0.492,16.832,0,16.325,0,15.706c0-0.619,0.492-1.111,1.111-1.111H30.3  c0.619,0,1.127,0.492,1.127,1.111c0,0.619-0.508,1.127-1.127,1.127H1.111z\"><\/path><g><\/g><g><\/g><g><\/g><g><\/g><g><\/g><g><\/g><g><\/g><g><\/g><g><\/g><g><\/g><g><\/g><g><\/g><g><\/g><g><\/g><g><\/g><\/svg><\/span>\n\t\t\t\t\t\t\t\t\t\t\t\t\t\t<\/span>\n\t\t\t\t\t\t\t\t\t\t\t\t<a class=\"elementor-accordion-title\" tabindex=\"0\">Qu'est-ce que le PLU ?<\/a>\n\t\t\t\t\t<\/div>\n\t\t\t\t\t<div id=\"elementor-tab-content-8214\" class=\"elementor-tab-content elementor-clearfix\" data-tab=\"4\" role=\"region\" aria-labelledby=\"elementor-tab-title-8214\"><p style=\"text-align: justify;\">Le plan local d&rsquo;urbanisme (PLU) est un document qui d\u00e9finit le projet d&rsquo;urbanisme d&rsquo;une commune, dans un souci du respect du d\u00e9veloppement durable. Votre projet d&rsquo;agrandissement doit donc \u00eatre conforme avec le PLU de votre commune.<\/p><p style=\"text-align: justify;\">Sachez que pour un agrandissement de moins de 40 m\u00b2, il n&rsquo;est pas n\u00e9cessaire de d\u00e9poser un permis de construire \u00e0 la mairie, seule une d\u00e9claration pr\u00e9alable de travaux sera suffisante. Cependant, une extension de plus de 40 m\u00b2 n\u00e9cessitera un permis de construire. Les travaux doivent n\u00e9cessairement porter sur l&rsquo;agrandissement d&rsquo;une construction existante, la construction d&rsquo;une annexe ind\u00e9pendant ou d&rsquo;un autre b\u00e2timent ne fait pas partie de cette r\u00e8gle.<\/p><\/div>\n\t\t\t\t<\/div>\n\t\t\t\t\t\t\t\t<\/div>\n\t\t\t\t\t\t<\/div>\n\t\t\t\t<\/div>\n\t\t\t\t<div class=\"elementor-element elementor-element-9729025 elementor-widget elementor-widget-spacer\" data-id=\"9729025\" data-element_type=\"widget\" data-e-type=\"widget\" data-widget_type=\"spacer.default\">\n\t\t\t\t<div class=\"elementor-widget-container\">\n\t\t\t\t\t\t\t<div class=\"elementor-spacer\">\n\t\t\t<div class=\"elementor-spacer-inner\"><\/div>\n\t\t<\/div>\n\t\t\t\t\t\t<\/div>\n\t\t\t\t<\/div>\n\t\t\t\t<div class=\"elementor-element elementor-element-afc2f06 elementor-widget elementor-widget-apus_element_call_to_action\" data-id=\"afc2f06\" data-element_type=\"widget\" data-e-type=\"widget\" data-widget_type=\"apus_element_call_to_action.default\">\n\t\t\t\t<div class=\"elementor-widget-container\">\n\t\t\t\t\t        <div class=\"widget-action  horizontal\">\n            <div class=\"inner justify-content-between align-items-end flex-sm\">\n                <div class=\"item-left\">\n                                                        <\/div>\n                                    <div class=\"action\">\n                        <a class=\"btn btn-gradient-theme\" href=\"https:\/\/moyse-agrandissement.fr\/index.php\/contact\/\">D'autres questions ?<\/a>\n                    <\/div>\n                            <\/div>\n        <\/div>\n        \t\t\t\t<\/div>\n\t\t\t\t<\/div>\n\t\t\t\t\t<\/div>\n\t\t<\/div>\n\t\t\t\t\t<\/div>\n\t\t<\/section>\n\t\t\t\t<\/div>\n\t\t","protected":false},"excerpt":{"rendered":"<p>Questions fr\u00e9quemment pos\u00e9es Quelles sont les garanties contractuelles ? Moyse Agrandissement vous permet d&#8217;envisager votre projet d&#8217;agrandissement en toute s\u00e9r\u00e9nit\u00e9, gr\u00e2ce aux nombreuses garanties contractuelles. Durant toute la dur\u00e9e du projet, mais aussi apr\u00e8s la fin des travaux, vous \u00eates prot\u00e9g\u00e9 avec les garanties ci-dessous : La garantie d\u00e9cennale qui couvre les dommages de construction &hellip; <br \/><a href=\"https:\/\/moyse-agrandissement.fr\/index.php\/faq\/\" class=\"more-link\">Continue reading <span class=\"screen-reader-text\">Questions \/ R\u00e9ponses<\/span><\/a><\/p>\n","protected":false},"author":1,"featured_media":0,"parent":0,"menu_order":0,"comment_status":"closed","ping_status":"closed","template":"","meta":{"footnotes":""},"class_list":["post-6303","page","type-page","status-publish","hentry"],"yoast_head":"<!-- This site is optimized with the Yoast SEO plugin v27.4 - https:\/\/yoast.com\/product\/yoast-seo-wordpress\/ -->\n<title>Questions \/ R\u00e9ponses - Agrandissement et extension de maisons en Bourgogne Franche-Comt\u00e9 \/ Moyse Agrandissement<\/title>\n<meta name=\"robots\" content=\"index, follow, max-snippet:-1, max-image-preview:large, max-video-preview:-1\" \/>\n<link rel=\"canonical\" href=\"https:\/\/moyse-agrandissement.fr\/index.php\/faq\/\" \/>\n<meta property=\"og:locale\" content=\"fr_FR\" \/>\n<meta property=\"og:type\" content=\"article\" \/>\n<meta property=\"og:title\" content=\"Questions \/ R\u00e9ponses - Agrandissement et extension de maisons en Bourgogne Franche-Comt\u00e9 \/ Moyse Agrandissement\" \/>\n<meta property=\"og:description\" content=\"Questions fr\u00e9quemment pos\u00e9es Quelles sont les garanties contractuelles ? Moyse Agrandissement vous permet d&#8217;envisager votre projet d&#8217;agrandissement en toute s\u00e9r\u00e9nit\u00e9, gr\u00e2ce aux nombreuses garanties contractuelles. Durant toute la dur\u00e9e du projet, mais aussi apr\u00e8s la fin des travaux, vous \u00eates prot\u00e9g\u00e9 avec les garanties ci-dessous : La garantie d\u00e9cennale qui couvre les dommages de construction &hellip; Continue reading Questions \/ R\u00e9ponses\" \/>\n<meta property=\"og:url\" content=\"https:\/\/moyse-agrandissement.fr\/index.php\/faq\/\" \/>\n<meta property=\"og:site_name\" content=\"Agrandissement et extension de maisons en Bourgogne Franche-Comt\u00e9 \/ Moyse Agrandissement\" \/>\n<meta property=\"article:modified_time\" content=\"2020-02-11T16:20:36+00:00\" \/>\n<meta property=\"og:image\" content=\"https:\/\/moyse-agrandissement.fr\/wp-content\/uploads\/2022\/05\/extension-maison-moyse-1.jpg\" \/>\n\t<meta property=\"og:image:width\" content=\"1200\" \/>\n\t<meta property=\"og:image:height\" content=\"811\" \/>\n\t<meta property=\"og:image:type\" content=\"image\/jpeg\" \/>\n<meta name=\"twitter:card\" content=\"summary_large_image\" \/>\n<meta name=\"twitter:label1\" content=\"Dur\u00e9e de lecture estim\u00e9e\" \/>\n\t<meta name=\"twitter:data1\" content=\"2 minutes\" \/>\n<script type=\"application\/ld+json\" class=\"yoast-schema-graph\">{\"@context\":\"https:\\\/\\\/schema.org\",\"@graph\":[{\"@type\":\"WebPage\",\"@id\":\"https:\\\/\\\/moyse-agrandissement.fr\\\/index.php\\\/faq\\\/\",\"url\":\"https:\\\/\\\/moyse-agrandissement.fr\\\/index.php\\\/faq\\\/\",\"name\":\"Questions \\\/ R\u00e9ponses - Agrandissement et extension de maisons en Bourgogne Franche-Comt\u00e9 \\\/ Moyse Agrandissement\",\"isPartOf\":{\"@id\":\"https:\\\/\\\/moyse-agrandissement.fr\\\/#website\"},\"datePublished\":\"2019-09-20T07:11:25+00:00\",\"dateModified\":\"2020-02-11T16:20:36+00:00\",\"breadcrumb\":{\"@id\":\"https:\\\/\\\/moyse-agrandissement.fr\\\/index.php\\\/faq\\\/#breadcrumb\"},\"inLanguage\":\"fr-FR\",\"potentialAction\":[{\"@type\":\"ReadAction\",\"target\":[\"https:\\\/\\\/moyse-agrandissement.fr\\\/index.php\\\/faq\\\/\"]}]},{\"@type\":\"BreadcrumbList\",\"@id\":\"https:\\\/\\\/moyse-agrandissement.fr\\\/index.php\\\/faq\\\/#breadcrumb\",\"itemListElement\":[{\"@type\":\"ListItem\",\"position\":1,\"name\":\"Accueil\",\"item\":\"https:\\\/\\\/moyse-agrandissement.fr\\\/\"},{\"@type\":\"ListItem\",\"position\":2,\"name\":\"Questions \\\/ R\u00e9ponses\"}]},{\"@type\":\"WebSite\",\"@id\":\"https:\\\/\\\/moyse-agrandissement.fr\\\/#website\",\"url\":\"https:\\\/\\\/moyse-agrandissement.fr\\\/\",\"name\":\"Agrandissements et extensions de maisons en Bourgogne Franche-Comt\u00e9\",\"description\":\"Extension, agrandissement de maisons en Bourgogne Franche-Comt\u00e9\",\"publisher\":{\"@id\":\"https:\\\/\\\/moyse-agrandissement.fr\\\/#organization\"},\"alternateName\":\"Expert de l'agrandissement et de l'extension en Bourgogne Franche-Comt\u00e9\",\"potentialAction\":[{\"@type\":\"SearchAction\",\"target\":{\"@type\":\"EntryPoint\",\"urlTemplate\":\"https:\\\/\\\/moyse-agrandissement.fr\\\/?s={search_term_string}\"},\"query-input\":{\"@type\":\"PropertyValueSpecification\",\"valueRequired\":true,\"valueName\":\"search_term_string\"}}],\"inLanguage\":\"fr-FR\"},{\"@type\":\"Organization\",\"@id\":\"https:\\\/\\\/moyse-agrandissement.fr\\\/#organization\",\"name\":\"Moyse Agrandissement\",\"url\":\"https:\\\/\\\/moyse-agrandissement.fr\\\/\",\"logo\":{\"@type\":\"ImageObject\",\"inLanguage\":\"fr-FR\",\"@id\":\"https:\\\/\\\/moyse-agrandissement.fr\\\/#\\\/schema\\\/logo\\\/image\\\/\",\"url\":\"https:\\\/\\\/moyse-agrandissement.fr\\\/wp-content\\\/uploads\\\/2019\\\/12\\\/favicon-moyse.png\",\"contentUrl\":\"https:\\\/\\\/moyse-agrandissement.fr\\\/wp-content\\\/uploads\\\/2019\\\/12\\\/favicon-moyse.png\",\"width\":512,\"height\":512,\"caption\":\"Moyse Agrandissement\"},\"image\":{\"@id\":\"https:\\\/\\\/moyse-agrandissement.fr\\\/#\\\/schema\\\/logo\\\/image\\\/\"}}]}<\/script>\n<!-- \/ Yoast SEO plugin. -->","yoast_head_json":{"title":"Questions \/ R\u00e9ponses - Agrandissement et extension de maisons en Bourgogne Franche-Comt\u00e9 \/ Moyse Agrandissement","robots":{"index":"index","follow":"follow","max-snippet":"max-snippet:-1","max-image-preview":"max-image-preview:large","max-video-preview":"max-video-preview:-1"},"canonical":"https:\/\/moyse-agrandissement.fr\/index.php\/faq\/","og_locale":"fr_FR","og_type":"article","og_title":"Questions \/ R\u00e9ponses - Agrandissement et extension de maisons en Bourgogne Franche-Comt\u00e9 \/ Moyse Agrandissement","og_description":"Questions fr\u00e9quemment pos\u00e9es Quelles sont les garanties contractuelles ? Moyse Agrandissement vous permet d&#8217;envisager votre projet d&#8217;agrandissement en toute s\u00e9r\u00e9nit\u00e9, gr\u00e2ce aux nombreuses garanties contractuelles. Durant toute la dur\u00e9e du projet, mais aussi apr\u00e8s la fin des travaux, vous \u00eates prot\u00e9g\u00e9 avec les garanties ci-dessous : La garantie d\u00e9cennale qui couvre les dommages de construction &hellip; Continue reading Questions \/ R\u00e9ponses","og_url":"https:\/\/moyse-agrandissement.fr\/index.php\/faq\/","og_site_name":"Agrandissement et extension de maisons en Bourgogne Franche-Comt\u00e9 \/ Moyse Agrandissement","article_modified_time":"2020-02-11T16:20:36+00:00","og_image":[{"width":1200,"height":811,"url":"https:\/\/moyse-agrandissement.fr\/wp-content\/uploads\/2022\/05\/extension-maison-moyse-1.jpg","type":"image\/jpeg"}],"twitter_card":"summary_large_image","twitter_misc":{"Dur\u00e9e de lecture estim\u00e9e":"2 minutes"},"schema":{"@context":"https:\/\/schema.org","@graph":[{"@type":"WebPage","@id":"https:\/\/moyse-agrandissement.fr\/index.php\/faq\/","url":"https:\/\/moyse-agrandissement.fr\/index.php\/faq\/","name":"Questions \/ R\u00e9ponses - Agrandissement et extension de maisons en Bourgogne Franche-Comt\u00e9 \/ Moyse Agrandissement","isPartOf":{"@id":"https:\/\/moyse-agrandissement.fr\/#website"},"datePublished":"2019-09-20T07:11:25+00:00","dateModified":"2020-02-11T16:20:36+00:00","breadcrumb":{"@id":"https:\/\/moyse-agrandissement.fr\/index.php\/faq\/#breadcrumb"},"inLanguage":"fr-FR","potentialAction":[{"@type":"ReadAction","target":["https:\/\/moyse-agrandissement.fr\/index.php\/faq\/"]}]},{"@type":"BreadcrumbList","@id":"https:\/\/moyse-agrandissement.fr\/index.php\/faq\/#breadcrumb","itemListElement":[{"@type":"ListItem","position":1,"name":"Accueil","item":"https:\/\/moyse-agrandissement.fr\/"},{"@type":"ListItem","position":2,"name":"Questions \/ R\u00e9ponses"}]},{"@type":"WebSite","@id":"https:\/\/moyse-agrandissement.fr\/#website","url":"https:\/\/moyse-agrandissement.fr\/","name":"Agrandissements et extensions de maisons en Bourgogne Franche-Comt\u00e9","description":"Extension, agrandissement de maisons en Bourgogne Franche-Comt\u00e9","publisher":{"@id":"https:\/\/moyse-agrandissement.fr\/#organization"},"alternateName":"Expert de l'agrandissement et de l'extension en Bourgogne Franche-Comt\u00e9","potentialAction":[{"@type":"SearchAction","target":{"@type":"EntryPoint","urlTemplate":"https:\/\/moyse-agrandissement.fr\/?s={search_term_string}"},"query-input":{"@type":"PropertyValueSpecification","valueRequired":true,"valueName":"search_term_string"}}],"inLanguage":"fr-FR"},{"@type":"Organization","@id":"https:\/\/moyse-agrandissement.fr\/#organization","name":"Moyse Agrandissement","url":"https:\/\/moyse-agrandissement.fr\/","logo":{"@type":"ImageObject","inLanguage":"fr-FR","@id":"https:\/\/moyse-agrandissement.fr\/#\/schema\/logo\/image\/","url":"https:\/\/moyse-agrandissement.fr\/wp-content\/uploads\/2019\/12\/favicon-moyse.png","contentUrl":"https:\/\/moyse-agrandissement.fr\/wp-content\/uploads\/2019\/12\/favicon-moyse.png","width":512,"height":512,"caption":"Moyse Agrandissement"},"image":{"@id":"https:\/\/moyse-agrandissement.fr\/#\/schema\/logo\/image\/"}}]}},"_links":{"self":[{"href":"https:\/\/moyse-agrandissement.fr\/index.php\/wp-json\/wp\/v2\/pages\/6303","targetHints":{"allow":["GET"]}}],"collection":[{"href":"https:\/\/moyse-agrandissement.fr\/index.php\/wp-json\/wp\/v2\/pages"}],"about":[{"href":"https:\/\/moyse-agrandissement.fr\/index.php\/wp-json\/wp\/v2\/types\/page"}],"author":[{"embeddable":true,"href":"https:\/\/moyse-agrandissement.fr\/index.php\/wp-json\/wp\/v2\/users\/1"}],"replies":[{"embeddable":true,"href":"https:\/\/moyse-agrandissement.fr\/index.php\/wp-json\/wp\/v2\/comments?post=6303"}],"version-history":[{"count":31,"href":"https:\/\/moyse-agrandissement.fr\/index.php\/wp-json\/wp\/v2\/pages\/6303\/revisions"}],"predecessor-version":[{"id":9930,"href":"https:\/\/moyse-agrandissement.fr\/index.php\/wp-json\/wp\/v2\/pages\/6303\/revisions\/9930"}],"wp:attachment":[{"href":"https:\/\/moyse-agrandissement.fr\/index.php\/wp-json\/wp\/v2\/media?parent=6303"}],"curies":[{"name":"wp","href":"https:\/\/api.w.org\/{rel}","templated":true}]}}